{"id":489,"date":"2025-04-10T12:31:51","date_gmt":"2025-04-10T10:31:51","guid":{"rendered":"https:\/\/c2project.be\/?page_id=489"},"modified":"2025-04-15T13:00:05","modified_gmt":"2025-04-15T11:00:05","slug":"contact","status":"publish","type":"page","link":"https:\/\/c2project.be\/en\/c2geo\/contact\/","title":{"rendered":"G\u00e9o &#8211; Contact EN"},"content":{"rendered":"\n<h2 class=\"wp-block-heading\">Would you like to call on our services or simply obtain further information?<\/h2>\n\n\n\n<p>Please complete this form. We&#8217;ll get back to you as soon as possible.<\/p>\n\n\n\n<div style=\"height:29px\" aria-hidden=\"true\" class=\"wp-block-spacer\"><\/div>\n\n\n\n<div class=\"wpcf7 no-js\" id=\"wpcf7-f713-o1\" lang=\"en-US\" dir=\"ltr\" data-wpcf7-id=\"713\">\n<div class=\"screen-reader-response\"><p role=\"status\" aria-live=\"polite\" aria-atomic=\"true\"><\/p> <ul><\/ul><\/div>\n<form action=\"\/en\/wp-json\/wp\/v2\/pages\/489#wpcf7-f713-o1\" method=\"post\" class=\"wpcf7-form init\" aria-label=\"Contact form\" novalidate=\"novalidate\" data-status=\"init\">\n<fieldset class=\"hidden-fields-container\"><input type=\"hidden\" name=\"_wpcf7\" value=\"713\" \/><input type=\"hidden\" name=\"_wpcf7_version\" value=\"6.1.1\" \/><input type=\"hidden\" name=\"_wpcf7_locale\" value=\"en_US\" \/><input type=\"hidden\" name=\"_wpcf7_unit_tag\" value=\"wpcf7-f713-o1\" \/><input type=\"hidden\" name=\"_wpcf7_container_post\" value=\"0\" \/><input type=\"hidden\" name=\"_wpcf7_posted_data_hash\" value=\"\" \/><input type=\"hidden\" name=\"_wpcf7_recaptcha_response\" value=\"\" \/>\n<\/fieldset>\n<div class=\"row cp-form-champ\">\n\t<div class=\"col-md\">\n\t\t<p><label class=\"form-label\">Surname*<\/label><br \/>\n<span class=\"wpcf7-form-control-wrap\" data-name=\"your-name\"><input size=\"40\" maxlength=\"400\" class=\"wpcf7-form-control wpcf7-text wpcf7-validates-as-required form-control\" autocomplete=\"name\" aria-required=\"true\" aria-invalid=\"false\" value=\"\" type=\"text\" name=\"your-name\" \/><\/span>\n\t\t<\/p>\n\t<\/div>\n\t<div class=\"col-md\">\n\t\t<p><label class=\"form-label\">Name*<\/label><br \/>\n<span class=\"wpcf7-form-control-wrap\" data-name=\"your-surname\"><input size=\"40\" maxlength=\"400\" class=\"wpcf7-form-control wpcf7-text wpcf7-validates-as-required form-control\" autocomplete=\"surname\" aria-required=\"true\" aria-invalid=\"false\" value=\"\" type=\"text\" name=\"your-surname\" \/><\/span>\n\t\t<\/p>\n\t<\/div>\n<\/div>\n<div class=\"row cp-form-champ\">\n\t<div class=\"col-md\">\n\t\t<p><label class=\"form-label\">e-mail*<\/label><br \/>\n<span class=\"wpcf7-form-control-wrap\" data-name=\"your-email\"><input size=\"40\" maxlength=\"400\" class=\"wpcf7-form-control wpcf7-email wpcf7-validates-as-required wpcf7-text wpcf7-validates-as-email form-control\" autocomplete=\"email\" aria-required=\"true\" aria-invalid=\"false\" value=\"\" type=\"email\" name=\"your-email\" \/><\/span>\n\t\t<\/p>\n\t<\/div>\n\t<div class=\"col-md\">\n\t\t<p><label class=\"form-label\">Phone<\/label><br \/>\n<span class=\"wpcf7-form-control-wrap\" data-name=\"your-phone\"><input size=\"40\" maxlength=\"400\" class=\"wpcf7-form-control wpcf7-text form-control\" autocomplete=\"phone\" aria-invalid=\"false\" value=\"\" type=\"text\" name=\"your-phone\" \/><\/span>\n\t\t<\/p>\n\t<\/div>\n<\/div>\n<div class=\"cp-form-champ\">\n\t<p><label class=\"form-label\">Your message*<\/label><br \/>\n<span class=\"wpcf7-form-control-wrap\" data-name=\"your-message\"><textarea cols=\"40\" rows=\"10\" maxlength=\"2000\" class=\"wpcf7-form-control wpcf7-textarea wpcf7-validates-as-required form-control\" aria-required=\"true\" aria-invalid=\"false\" name=\"your-message\"><\/textarea><\/span>\n\t<\/p>\n<\/div>\n<div class=\"cp-form-envoyer\">\n\t<p><input class=\"wpcf7-form-control wpcf7-submit has-spinner btn btn-geo-dark\" type=\"submit\" value=\"Send\" \/>\n\t<\/p>\n<\/div><div class=\"wpcf7-response-output\" aria-hidden=\"true\"><\/div>\n<\/form>\n<\/div>\n\n","protected":false},"excerpt":{"rendered":"<p>Would you like to call on our services or simply obtain further information? Please complete this form. We&#8217;ll get back to you as soon as possible.<\/p>\n","protected":false},"author":1,"featured_media":0,"parent":462,"menu_order":0,"comment_status":"closed","ping_status":"closed","template":"geo-contact-template.php","meta":{"_locale":"en_US","_original_post":"https:\/\/c2project.be\/?page_id=118","footnotes":""},"class_list":["post-489","page","type-page","status-publish","hentry","en-US","entry"],"yoast_head":"<!-- This site is optimized with the Yoast SEO plugin v25.9 - https:\/\/yoast.com\/wordpress\/plugins\/seo\/ -->\n<title>G\u00e9om\u00e8tres-experts en Brabant Wallon, Bruxelles et la Belgique<\/title>\n<meta name=\"description\" content=\"Toute l\u2019exp\u00e9rience de C2g\u00e9o : Missions de mesurage, d\u2019identification de division et de d\u00e9limitation de la propri\u00e9t\u00e9 immobili\u00e8re, missions de mesurage par scanner 3D ou par drone pour l\u2019architecture, l\u2019industrie et le patrimoine, bureau d\u2019\u00e9tudes en infrastructure et am\u00e9nagement du territoire.\" \/>\n<meta name=\"robots\" content=\"index, follow, max-snippet:-1, max-image-preview:large, max-video-preview:-1\" \/>\n<link rel=\"canonical\" href=\"https:\/\/c2project.be\/en\/c2geo\/contact\/\" \/>\n<meta property=\"og:locale\" content=\"en_US\" \/>\n<meta property=\"og:type\" content=\"article\" \/>\n<meta property=\"og:title\" content=\"G\u00e9om\u00e8tres-experts en Brabant Wallon, Bruxelles et la Belgique\" \/>\n<meta property=\"og:description\" content=\"Toute l\u2019exp\u00e9rience de C2g\u00e9o : Missions de mesurage, d\u2019identification de division et de d\u00e9limitation de la propri\u00e9t\u00e9 immobili\u00e8re, missions de mesurage par scanner 3D ou par drone pour l\u2019architecture, l\u2019industrie et le patrimoine, bureau d\u2019\u00e9tudes en infrastructure et am\u00e9nagement du territoire.\" \/>\n<meta property=\"og:url\" content=\"https:\/\/c2project.be\/en\/c2geo\/contact\/\" \/>\n<meta property=\"og:site_name\" content=\"C\u00b2Project \u2014 C\u00b2G\u00e9o\" \/>\n<meta property=\"article:modified_time\" content=\"2025-04-15T11:00:05+00:00\" \/>\n<meta name=\"twitter:card\" content=\"summary_large_image\" \/>\n<meta name=\"twitter:label1\" content=\"Est. reading time\" \/>\n\t<meta name=\"twitter:data1\" content=\"1 minute\" \/>\n<script type=\"application\/ld+json\" class=\"yoast-schema-graph\">{\"@context\":\"https:\/\/schema.org\",\"@graph\":[{\"@type\":\"WebPage\",\"@id\":\"https:\/\/c2project.be\/en\/c2geo\/contact\/\",\"url\":\"https:\/\/c2project.be\/en\/c2geo\/contact\/\",\"name\":\"G\u00e9om\u00e8tres-experts en Brabant Wallon, Bruxelles et la Belgique\",\"isPartOf\":{\"@id\":\"https:\/\/c2project.be\/#website\"},\"datePublished\":\"2025-04-10T10:31:51+00:00\",\"dateModified\":\"2025-04-15T11:00:05+00:00\",\"description\":\"Toute l\u2019exp\u00e9rience de C2g\u00e9o : Missions de mesurage, d\u2019identification de division et de d\u00e9limitation de la propri\u00e9t\u00e9 immobili\u00e8re, missions de mesurage par scanner 3D ou par drone pour l\u2019architecture, l\u2019industrie et le patrimoine, bureau d\u2019\u00e9tudes en infrastructure et am\u00e9nagement du territoire.\",\"breadcrumb\":{\"@id\":\"https:\/\/c2project.be\/en\/c2geo\/contact\/#breadcrumb\"},\"inLanguage\":\"en-US\",\"potentialAction\":[{\"@type\":\"ReadAction\",\"target\":[\"https:\/\/c2project.be\/en\/c2geo\/contact\/\"]}]},{\"@type\":\"BreadcrumbList\",\"@id\":\"https:\/\/c2project.be\/en\/c2geo\/contact\/#breadcrumb\",\"itemListElement\":[{\"@type\":\"ListItem\",\"position\":1,\"name\":\"Accueil\",\"item\":\"https:\/\/c2project.be\/\"},{\"@type\":\"ListItem\",\"position\":2,\"name\":\"G\u00e9o &#8211; Accueil EN\",\"item\":\"https:\/\/c2project.be\/c2geo\/\"},{\"@type\":\"ListItem\",\"position\":3,\"name\":\"G\u00e9o &#8211; Contact EN\"}]},{\"@type\":\"WebSite\",\"@id\":\"https:\/\/c2project.be\/#website\",\"url\":\"https:\/\/c2project.be\/\",\"name\":\"C\u00b2Project \/ C\u00b2G\u00e9o \u2014 bureau d\u2019\u00e9tude ing\u00e9nieurs et g\u00e9om\u00e8tres-experts\",\"description\":\"Engineering the future together\",\"publisher\":{\"@id\":\"https:\/\/c2project.be\/#organization\"},\"alternateName\":\"C\u00b2Project \/ C\u00b2G\u00e9o\",\"potentialAction\":[{\"@type\":\"SearchAction\",\"target\":{\"@type\":\"EntryPoint\",\"urlTemplate\":\"https:\/\/c2project.be\/?s={search_term_string}\"},\"query-input\":{\"@type\":\"PropertyValueSpecification\",\"valueRequired\":true,\"valueName\":\"search_term_string\"}}],\"inLanguage\":\"en-US\"},{\"@type\":\"Organization\",\"@id\":\"https:\/\/c2project.be\/#organization\",\"name\":\"C\u00b2Project \/ C\u00b2G\u00e9o \u2014 bureau d\u2019\u00e9tude ing\u00e9nieurs et g\u00e9om\u00e8tres-experts\",\"url\":\"https:\/\/c2project.be\/\",\"logo\":{\"@type\":\"ImageObject\",\"inLanguage\":\"en-US\",\"@id\":\"https:\/\/c2project.be\/#\/schema\/logo\/image\/\",\"url\":\"https:\/\/www.c2project.be\/wp-content\/uploads\/2025\/02\/c2-project-engineering.png\",\"contentUrl\":\"https:\/\/www.c2project.be\/wp-content\/uploads\/2025\/02\/c2-project-engineering.png\",\"width\":500,\"height\":302,\"caption\":\"C\u00b2Project \/ C\u00b2G\u00e9o \u2014 bureau d\u2019\u00e9tude ing\u00e9nieurs et g\u00e9om\u00e8tres-experts\"},\"image\":{\"@id\":\"https:\/\/c2project.be\/#\/schema\/logo\/image\/\"}}]}<\/script>\n<!-- \/ Yoast SEO plugin. -->","yoast_head_json":{"title":"G\u00e9om\u00e8tres-experts en Brabant Wallon, Bruxelles et la Belgique","description":"Toute l\u2019exp\u00e9rience de C2g\u00e9o : Missions de mesurage, d\u2019identification de division et de d\u00e9limitation de la propri\u00e9t\u00e9 immobili\u00e8re, missions de mesurage par scanner 3D ou par drone pour l\u2019architecture, l\u2019industrie et le patrimoine, bureau d\u2019\u00e9tudes en infrastructure et am\u00e9nagement du territoire.","robots":{"index":"index","follow":"follow","max-snippet":"max-snippet:-1","max-image-preview":"max-image-preview:large","max-video-preview":"max-video-preview:-1"},"canonical":"https:\/\/c2project.be\/en\/c2geo\/contact\/","og_locale":"en_US","og_type":"article","og_title":"G\u00e9om\u00e8tres-experts en Brabant Wallon, Bruxelles et la Belgique","og_description":"Toute l\u2019exp\u00e9rience de C2g\u00e9o : Missions de mesurage, d\u2019identification de division et de d\u00e9limitation de la propri\u00e9t\u00e9 immobili\u00e8re, missions de mesurage par scanner 3D ou par drone pour l\u2019architecture, l\u2019industrie et le patrimoine, bureau d\u2019\u00e9tudes en infrastructure et am\u00e9nagement du territoire.","og_url":"https:\/\/c2project.be\/en\/c2geo\/contact\/","og_site_name":"C\u00b2Project \u2014 C\u00b2G\u00e9o","article_modified_time":"2025-04-15T11:00:05+00:00","twitter_card":"summary_large_image","twitter_misc":{"Est. reading time":"1 minute"},"schema":{"@context":"https:\/\/schema.org","@graph":[{"@type":"WebPage","@id":"https:\/\/c2project.be\/en\/c2geo\/contact\/","url":"https:\/\/c2project.be\/en\/c2geo\/contact\/","name":"G\u00e9om\u00e8tres-experts en Brabant Wallon, Bruxelles et la Belgique","isPartOf":{"@id":"https:\/\/c2project.be\/#website"},"datePublished":"2025-04-10T10:31:51+00:00","dateModified":"2025-04-15T11:00:05+00:00","description":"Toute l\u2019exp\u00e9rience de C2g\u00e9o : Missions de mesurage, d\u2019identification de division et de d\u00e9limitation de la propri\u00e9t\u00e9 immobili\u00e8re, missions de mesurage par scanner 3D ou par drone pour l\u2019architecture, l\u2019industrie et le patrimoine, bureau d\u2019\u00e9tudes en infrastructure et am\u00e9nagement du territoire.","breadcrumb":{"@id":"https:\/\/c2project.be\/en\/c2geo\/contact\/#breadcrumb"},"inLanguage":"en-US","potentialAction":[{"@type":"ReadAction","target":["https:\/\/c2project.be\/en\/c2geo\/contact\/"]}]},{"@type":"BreadcrumbList","@id":"https:\/\/c2project.be\/en\/c2geo\/contact\/#breadcrumb","itemListElement":[{"@type":"ListItem","position":1,"name":"Accueil","item":"https:\/\/c2project.be\/"},{"@type":"ListItem","position":2,"name":"G\u00e9o &#8211; Accueil EN","item":"https:\/\/c2project.be\/c2geo\/"},{"@type":"ListItem","position":3,"name":"G\u00e9o &#8211; Contact EN"}]},{"@type":"WebSite","@id":"https:\/\/c2project.be\/#website","url":"https:\/\/c2project.be\/","name":"C\u00b2Project \/ C\u00b2G\u00e9o \u2014 bureau d\u2019\u00e9tude ing\u00e9nieurs et g\u00e9om\u00e8tres-experts","description":"Engineering the future together","publisher":{"@id":"https:\/\/c2project.be\/#organization"},"alternateName":"C\u00b2Project \/ C\u00b2G\u00e9o","potentialAction":[{"@type":"SearchAction","target":{"@type":"EntryPoint","urlTemplate":"https:\/\/c2project.be\/?s={search_term_string}"},"query-input":{"@type":"PropertyValueSpecification","valueRequired":true,"valueName":"search_term_string"}}],"inLanguage":"en-US"},{"@type":"Organization","@id":"https:\/\/c2project.be\/#organization","name":"C\u00b2Project \/ C\u00b2G\u00e9o \u2014 bureau d\u2019\u00e9tude ing\u00e9nieurs et g\u00e9om\u00e8tres-experts","url":"https:\/\/c2project.be\/","logo":{"@type":"ImageObject","inLanguage":"en-US","@id":"https:\/\/c2project.be\/#\/schema\/logo\/image\/","url":"https:\/\/www.c2project.be\/wp-content\/uploads\/2025\/02\/c2-project-engineering.png","contentUrl":"https:\/\/www.c2project.be\/wp-content\/uploads\/2025\/02\/c2-project-engineering.png","width":500,"height":302,"caption":"C\u00b2Project \/ C\u00b2G\u00e9o \u2014 bureau d\u2019\u00e9tude ing\u00e9nieurs et g\u00e9om\u00e8tres-experts"},"image":{"@id":"https:\/\/c2project.be\/#\/schema\/logo\/image\/"}}]}},"_links":{"self":[{"href":"https:\/\/c2project.be\/wp-json\/wp\/v2\/pages\/489","targetHints":{"allow":["GET"]}}],"collection":[{"href":"https:\/\/c2project.be\/wp-json\/wp\/v2\/pages"}],"about":[{"href":"https:\/\/c2project.be\/wp-json\/wp\/v2\/types\/page"}],"author":[{"embeddable":true,"href":"https:\/\/c2project.be\/wp-json\/wp\/v2\/users\/1"}],"replies":[{"embeddable":true,"href":"https:\/\/c2project.be\/wp-json\/wp\/v2\/comments?post=489"}],"version-history":[{"count":2,"href":"https:\/\/c2project.be\/wp-json\/wp\/v2\/pages\/489\/revisions"}],"predecessor-version":[{"id":716,"href":"https:\/\/c2project.be\/wp-json\/wp\/v2\/pages\/489\/revisions\/716"}],"up":[{"embeddable":true,"href":"https:\/\/c2project.be\/wp-json\/wp\/v2\/pages\/462"}],"wp:attachment":[{"href":"https:\/\/c2project.be\/wp-json\/wp\/v2\/media?parent=489"}],"curies":[{"name":"wp","href":"https:\/\/api.w.org\/{rel}","templated":true}]}}