{"id":527,"date":"2025-04-10T15:46:24","date_gmt":"2025-04-10T13:46:24","guid":{"rendered":"https:\/\/c2project.be\/?page_id=527"},"modified":"2025-04-10T15:46:25","modified_gmt":"2025-04-10T13:46:25","slug":"c2project","status":"publish","type":"page","link":"https:\/\/c2project.be\/en\/c2project\/","title":{"rendered":"Project &#8211; Accueil EN"},"content":{"rendered":"","protected":false},"excerpt":{"rendered":"","protected":false},"author":1,"featured_media":0,"parent":0,"menu_order":0,"comment_status":"closed","ping_status":"closed","template":"project-home-template.php","meta":{"_locale":"en_US","_original_post":"https:\/\/c2project.be\/?page_id=148","footnotes":""},"class_list":["post-527","page","type-page","status-publish","hentry","en-US","entry"],"yoast_head":"<!-- This site is optimized with the Yoast SEO plugin v25.9 - https:\/\/yoast.com\/wordpress\/plugins\/seo\/ -->\n<title>C2Project : Bureau d\u2019\u00e9tude infrastructure \u2014 ing\u00e9nieurs-conseils<\/title>\n<meta name=\"description\" content=\"C\u00b2Project : Bureau d\u2019\u00e9tude en voiries, mobilit\u00e9 douce, hydraulique, espaces publics, projets priv\u00e9s, g\u00e9nie civil et ouvrages d\u2019art ... en Wallonie, en Belgique et en France\" \/>\n<meta name=\"robots\" content=\"index, follow, max-snippet:-1, max-image-preview:large, max-video-preview:-1\" \/>\n<link rel=\"canonical\" href=\"https:\/\/c2project.be\/en\/c2project\/\" \/>\n<meta property=\"og:locale\" content=\"en_US\" \/>\n<meta property=\"og:type\" content=\"article\" \/>\n<meta property=\"og:title\" content=\"C2Project : Bureau d\u2019\u00e9tude infrastructure \u2014 ing\u00e9nieurs-conseils\" \/>\n<meta property=\"og:description\" content=\"C\u00b2Project : Bureau d\u2019\u00e9tude en voiries, mobilit\u00e9 douce, hydraulique, espaces publics, projets priv\u00e9s, g\u00e9nie civil et ouvrages d\u2019art ... en Wallonie, en Belgique et en France\" \/>\n<meta property=\"og:url\" content=\"https:\/\/c2project.be\/en\/c2project\/\" \/>\n<meta property=\"og:site_name\" content=\"C\u00b2Project \u2014 C\u00b2G\u00e9o\" \/>\n<meta property=\"article:modified_time\" content=\"2025-04-10T13:46:25+00:00\" \/>\n<meta name=\"twitter:card\" content=\"summary_large_image\" \/>\n<script type=\"application\/ld+json\" class=\"yoast-schema-graph\">{\"@context\":\"https:\/\/schema.org\",\"@graph\":[{\"@type\":\"WebPage\",\"@id\":\"https:\/\/c2project.be\/en\/c2project\/\",\"url\":\"https:\/\/c2project.be\/en\/c2project\/\",\"name\":\"C2Project : Bureau d\u2019\u00e9tude infrastructure \u2014 ing\u00e9nieurs-conseils\",\"isPartOf\":{\"@id\":\"https:\/\/c2project.be\/#website\"},\"datePublished\":\"2025-04-10T13:46:24+00:00\",\"dateModified\":\"2025-04-10T13:46:25+00:00\",\"description\":\"C\u00b2Project : Bureau d\u2019\u00e9tude en voiries, mobilit\u00e9 douce, hydraulique, espaces publics, projets priv\u00e9s, g\u00e9nie civil et ouvrages d\u2019art ... en Wallonie, en Belgique et en France\",\"breadcrumb\":{\"@id\":\"https:\/\/c2project.be\/en\/c2project\/#breadcrumb\"},\"inLanguage\":\"en-US\",\"potentialAction\":[{\"@type\":\"ReadAction\",\"target\":[\"https:\/\/c2project.be\/en\/c2project\/\"]}]},{\"@type\":\"BreadcrumbList\",\"@id\":\"https:\/\/c2project.be\/en\/c2project\/#breadcrumb\",\"itemListElement\":[{\"@type\":\"ListItem\",\"position\":1,\"name\":\"Accueil\",\"item\":\"https:\/\/c2project.be\/\"},{\"@type\":\"ListItem\",\"position\":2,\"name\":\"Project &#8211; Accueil EN\"}]},{\"@type\":\"WebSite\",\"@id\":\"https:\/\/c2project.be\/#website\",\"url\":\"https:\/\/c2project.be\/\",\"name\":\"C\u00b2Project \/ C\u00b2G\u00e9o \u2014 bureau d\u2019\u00e9tude ing\u00e9nieurs et g\u00e9om\u00e8tres-experts\",\"description\":\"Engineering the future together\",\"publisher\":{\"@id\":\"https:\/\/c2project.be\/#organization\"},\"alternateName\":\"C\u00b2Project \/ C\u00b2G\u00e9o\",\"potentialAction\":[{\"@type\":\"SearchAction\",\"target\":{\"@type\":\"EntryPoint\",\"urlTemplate\":\"https:\/\/c2project.be\/?s={search_term_string}\"},\"query-input\":{\"@type\":\"PropertyValueSpecification\",\"valueRequired\":true,\"valueName\":\"search_term_string\"}}],\"inLanguage\":\"en-US\"},{\"@type\":\"Organization\",\"@id\":\"https:\/\/c2project.be\/#organization\",\"name\":\"C\u00b2Project \/ C\u00b2G\u00e9o \u2014 bureau d\u2019\u00e9tude ing\u00e9nieurs et g\u00e9om\u00e8tres-experts\",\"url\":\"https:\/\/c2project.be\/\",\"logo\":{\"@type\":\"ImageObject\",\"inLanguage\":\"en-US\",\"@id\":\"https:\/\/c2project.be\/#\/schema\/logo\/image\/\",\"url\":\"https:\/\/www.c2project.be\/wp-content\/uploads\/2025\/02\/c2-project-engineering.png\",\"contentUrl\":\"https:\/\/www.c2project.be\/wp-content\/uploads\/2025\/02\/c2-project-engineering.png\",\"width\":500,\"height\":302,\"caption\":\"C\u00b2Project \/ C\u00b2G\u00e9o \u2014 bureau d\u2019\u00e9tude ing\u00e9nieurs et g\u00e9om\u00e8tres-experts\"},\"image\":{\"@id\":\"https:\/\/c2project.be\/#\/schema\/logo\/image\/\"}}]}<\/script>\n<!-- \/ Yoast SEO plugin. -->","yoast_head_json":{"title":"C2Project : Bureau d\u2019\u00e9tude infrastructure \u2014 ing\u00e9nieurs-conseils","description":"C\u00b2Project : Bureau d\u2019\u00e9tude en voiries, mobilit\u00e9 douce, hydraulique, espaces publics, projets priv\u00e9s, g\u00e9nie civil et ouvrages d\u2019art ... en Wallonie, en Belgique et en France","robots":{"index":"index","follow":"follow","max-snippet":"max-snippet:-1","max-image-preview":"max-image-preview:large","max-video-preview":"max-video-preview:-1"},"canonical":"https:\/\/c2project.be\/en\/c2project\/","og_locale":"en_US","og_type":"article","og_title":"C2Project : Bureau d\u2019\u00e9tude infrastructure \u2014 ing\u00e9nieurs-conseils","og_description":"C\u00b2Project : Bureau d\u2019\u00e9tude en voiries, mobilit\u00e9 douce, hydraulique, espaces publics, projets priv\u00e9s, g\u00e9nie civil et ouvrages d\u2019art ... en Wallonie, en Belgique et en France","og_url":"https:\/\/c2project.be\/en\/c2project\/","og_site_name":"C\u00b2Project \u2014 C\u00b2G\u00e9o","article_modified_time":"2025-04-10T13:46:25+00:00","twitter_card":"summary_large_image","schema":{"@context":"https:\/\/schema.org","@graph":[{"@type":"WebPage","@id":"https:\/\/c2project.be\/en\/c2project\/","url":"https:\/\/c2project.be\/en\/c2project\/","name":"C2Project : Bureau d\u2019\u00e9tude infrastructure \u2014 ing\u00e9nieurs-conseils","isPartOf":{"@id":"https:\/\/c2project.be\/#website"},"datePublished":"2025-04-10T13:46:24+00:00","dateModified":"2025-04-10T13:46:25+00:00","description":"C\u00b2Project : Bureau d\u2019\u00e9tude en voiries, mobilit\u00e9 douce, hydraulique, espaces publics, projets priv\u00e9s, g\u00e9nie civil et ouvrages d\u2019art ... en Wallonie, en Belgique et en France","breadcrumb":{"@id":"https:\/\/c2project.be\/en\/c2project\/#breadcrumb"},"inLanguage":"en-US","potentialAction":[{"@type":"ReadAction","target":["https:\/\/c2project.be\/en\/c2project\/"]}]},{"@type":"BreadcrumbList","@id":"https:\/\/c2project.be\/en\/c2project\/#breadcrumb","itemListElement":[{"@type":"ListItem","position":1,"name":"Accueil","item":"https:\/\/c2project.be\/"},{"@type":"ListItem","position":2,"name":"Project &#8211; Accueil EN"}]},{"@type":"WebSite","@id":"https:\/\/c2project.be\/#website","url":"https:\/\/c2project.be\/","name":"C\u00b2Project \/ C\u00b2G\u00e9o \u2014 bureau d\u2019\u00e9tude ing\u00e9nieurs et g\u00e9om\u00e8tres-experts","description":"Engineering the future together","publisher":{"@id":"https:\/\/c2project.be\/#organization"},"alternateName":"C\u00b2Project \/ C\u00b2G\u00e9o","potentialAction":[{"@type":"SearchAction","target":{"@type":"EntryPoint","urlTemplate":"https:\/\/c2project.be\/?s={search_term_string}"},"query-input":{"@type":"PropertyValueSpecification","valueRequired":true,"valueName":"search_term_string"}}],"inLanguage":"en-US"},{"@type":"Organization","@id":"https:\/\/c2project.be\/#organization","name":"C\u00b2Project \/ C\u00b2G\u00e9o \u2014 bureau d\u2019\u00e9tude ing\u00e9nieurs et g\u00e9om\u00e8tres-experts","url":"https:\/\/c2project.be\/","logo":{"@type":"ImageObject","inLanguage":"en-US","@id":"https:\/\/c2project.be\/#\/schema\/logo\/image\/","url":"https:\/\/www.c2project.be\/wp-content\/uploads\/2025\/02\/c2-project-engineering.png","contentUrl":"https:\/\/www.c2project.be\/wp-content\/uploads\/2025\/02\/c2-project-engineering.png","width":500,"height":302,"caption":"C\u00b2Project \/ C\u00b2G\u00e9o \u2014 bureau d\u2019\u00e9tude ing\u00e9nieurs et g\u00e9om\u00e8tres-experts"},"image":{"@id":"https:\/\/c2project.be\/#\/schema\/logo\/image\/"}}]}},"_links":{"self":[{"href":"https:\/\/c2project.be\/wp-json\/wp\/v2\/pages\/527","targetHints":{"allow":["GET"]}}],"collection":[{"href":"https:\/\/c2project.be\/wp-json\/wp\/v2\/pages"}],"about":[{"href":"https:\/\/c2project.be\/wp-json\/wp\/v2\/types\/page"}],"author":[{"embeddable":true,"href":"https:\/\/c2project.be\/wp-json\/wp\/v2\/users\/1"}],"replies":[{"embeddable":true,"href":"https:\/\/c2project.be\/wp-json\/wp\/v2\/comments?post=527"}],"version-history":[{"count":1,"href":"https:\/\/c2project.be\/wp-json\/wp\/v2\/pages\/527\/revisions"}],"predecessor-version":[{"id":528,"href":"https:\/\/c2project.be\/wp-json\/wp\/v2\/pages\/527\/revisions\/528"}],"wp:attachment":[{"href":"https:\/\/c2project.be\/wp-json\/wp\/v2\/media?parent=527"}],"curies":[{"name":"wp","href":"https:\/\/api.w.org\/{rel}","templated":true}]}}