{"id":535,"date":"2025-04-10T15:53:21","date_gmt":"2025-04-10T13:53:21","guid":{"rendered":"https:\/\/c2project.be\/?page_id=535"},"modified":"2025-04-14T18:27:02","modified_gmt":"2025-04-14T16:27:02","slug":"about-us","status":"publish","type":"page","link":"https:\/\/c2project.be\/en\/c2geo\/about-us\/","title":{"rendered":"G\u00e9o &#8211; \u00e0 propos EN"},"content":{"rendered":"","protected":false},"excerpt":{"rendered":"","protected":false},"author":1,"featured_media":0,"parent":462,"menu_order":0,"comment_status":"closed","ping_status":"closed","template":"geo-a-propos-template.php","meta":{"_locale":"en_US","_original_post":"https:\/\/c2project.be\/?page_id=116","footnotes":""},"class_list":["post-535","page","type-page","status-publish","hentry","en-US","entry"],"yoast_head":"<!-- This site is optimized with the Yoast SEO plugin v25.9 - https:\/\/yoast.com\/wordpress\/plugins\/seo\/ -->\n<title>C\u00b2G\u00e9o - G\u00e9om\u00e8tres-experts<\/title>\n<meta name=\"description\" content=\"Toute l\u2019exp\u00e9rience de C2g\u00e9o : Missions de mesurage, d\u2019identification de division et de d\u00e9limitation de la propri\u00e9t\u00e9 immobili\u00e8re, missions de mesurage par scanner 3D ou par drone pour l\u2019architecture, l\u2019industrie et le patrimoine, bureau d\u2019\u00e9tudes en infrastructure et am\u00e9nagement du territoire.\" \/>\n<meta name=\"robots\" content=\"index, follow, max-snippet:-1, max-image-preview:large, max-video-preview:-1\" \/>\n<link rel=\"canonical\" href=\"https:\/\/c2project.be\/en\/c2geo\/about-us\/\" \/>\n<meta property=\"og:locale\" content=\"en_US\" \/>\n<meta property=\"og:type\" content=\"article\" \/>\n<meta property=\"og:title\" content=\"C\u00b2G\u00e9o - G\u00e9om\u00e8tres-experts\" \/>\n<meta property=\"og:description\" content=\"Toute l\u2019exp\u00e9rience de C2g\u00e9o : Missions de mesurage, d\u2019identification de division et de d\u00e9limitation de la propri\u00e9t\u00e9 immobili\u00e8re, missions de mesurage par scanner 3D ou par drone pour l\u2019architecture, l\u2019industrie et le patrimoine, bureau d\u2019\u00e9tudes en infrastructure et am\u00e9nagement du territoire.\" \/>\n<meta property=\"og:url\" content=\"https:\/\/c2project.be\/en\/c2geo\/about-us\/\" \/>\n<meta property=\"og:site_name\" content=\"C\u00b2Project \u2014 C\u00b2G\u00e9o\" \/>\n<meta property=\"article:modified_time\" content=\"2025-04-14T16:27:02+00:00\" \/>\n<meta name=\"twitter:card\" content=\"summary_large_image\" \/>\n<script type=\"application\/ld+json\" class=\"yoast-schema-graph\">{\"@context\":\"https:\/\/schema.org\",\"@graph\":[{\"@type\":\"WebPage\",\"@id\":\"https:\/\/c2project.be\/en\/c2geo\/about-us\/\",\"url\":\"https:\/\/c2project.be\/en\/c2geo\/about-us\/\",\"name\":\"C\u00b2G\u00e9o - G\u00e9om\u00e8tres-experts\",\"isPartOf\":{\"@id\":\"https:\/\/c2project.be\/#website\"},\"datePublished\":\"2025-04-10T13:53:21+00:00\",\"dateModified\":\"2025-04-14T16:27:02+00:00\",\"description\":\"Toute l\u2019exp\u00e9rience de C2g\u00e9o : Missions de mesurage, d\u2019identification de division et de d\u00e9limitation de la propri\u00e9t\u00e9 immobili\u00e8re, missions de mesurage par scanner 3D ou par drone pour l\u2019architecture, l\u2019industrie et le patrimoine, bureau d\u2019\u00e9tudes en infrastructure et am\u00e9nagement du territoire.\",\"breadcrumb\":{\"@id\":\"https:\/\/c2project.be\/en\/c2geo\/about-us\/#breadcrumb\"},\"inLanguage\":\"en-US\",\"potentialAction\":[{\"@type\":\"ReadAction\",\"target\":[\"https:\/\/c2project.be\/en\/c2geo\/about-us\/\"]}]},{\"@type\":\"BreadcrumbList\",\"@id\":\"https:\/\/c2project.be\/en\/c2geo\/about-us\/#breadcrumb\",\"itemListElement\":[{\"@type\":\"ListItem\",\"position\":1,\"name\":\"Accueil\",\"item\":\"https:\/\/c2project.be\/\"},{\"@type\":\"ListItem\",\"position\":2,\"name\":\"G\u00e9o &#8211; Accueil EN\",\"item\":\"https:\/\/c2project.be\/c2geo\/\"},{\"@type\":\"ListItem\",\"position\":3,\"name\":\"G\u00e9o &#8211; \u00e0 propos EN\"}]},{\"@type\":\"WebSite\",\"@id\":\"https:\/\/c2project.be\/#website\",\"url\":\"https:\/\/c2project.be\/\",\"name\":\"C\u00b2Project \/ C\u00b2G\u00e9o \u2014 bureau d\u2019\u00e9tude ing\u00e9nieurs et g\u00e9om\u00e8tres-experts\",\"description\":\"Engineering the future together\",\"publisher\":{\"@id\":\"https:\/\/c2project.be\/#organization\"},\"alternateName\":\"C\u00b2Project \/ C\u00b2G\u00e9o\",\"potentialAction\":[{\"@type\":\"SearchAction\",\"target\":{\"@type\":\"EntryPoint\",\"urlTemplate\":\"https:\/\/c2project.be\/?s={search_term_string}\"},\"query-input\":{\"@type\":\"PropertyValueSpecification\",\"valueRequired\":true,\"valueName\":\"search_term_string\"}}],\"inLanguage\":\"en-US\"},{\"@type\":\"Organization\",\"@id\":\"https:\/\/c2project.be\/#organization\",\"name\":\"C\u00b2Project \/ C\u00b2G\u00e9o \u2014 bureau d\u2019\u00e9tude ing\u00e9nieurs et g\u00e9om\u00e8tres-experts\",\"url\":\"https:\/\/c2project.be\/\",\"logo\":{\"@type\":\"ImageObject\",\"inLanguage\":\"en-US\",\"@id\":\"https:\/\/c2project.be\/#\/schema\/logo\/image\/\",\"url\":\"https:\/\/www.c2project.be\/wp-content\/uploads\/2025\/02\/c2-project-engineering.png\",\"contentUrl\":\"https:\/\/www.c2project.be\/wp-content\/uploads\/2025\/02\/c2-project-engineering.png\",\"width\":500,\"height\":302,\"caption\":\"C\u00b2Project \/ C\u00b2G\u00e9o \u2014 bureau d\u2019\u00e9tude ing\u00e9nieurs et g\u00e9om\u00e8tres-experts\"},\"image\":{\"@id\":\"https:\/\/c2project.be\/#\/schema\/logo\/image\/\"}}]}<\/script>\n<!-- \/ Yoast SEO plugin. -->","yoast_head_json":{"title":"C\u00b2G\u00e9o - G\u00e9om\u00e8tres-experts","description":"Toute l\u2019exp\u00e9rience de C2g\u00e9o : Missions de mesurage, d\u2019identification de division et de d\u00e9limitation de la propri\u00e9t\u00e9 immobili\u00e8re, missions de mesurage par scanner 3D ou par drone pour l\u2019architecture, l\u2019industrie et le patrimoine, bureau d\u2019\u00e9tudes en infrastructure et am\u00e9nagement du territoire.","robots":{"index":"index","follow":"follow","max-snippet":"max-snippet:-1","max-image-preview":"max-image-preview:large","max-video-preview":"max-video-preview:-1"},"canonical":"https:\/\/c2project.be\/en\/c2geo\/about-us\/","og_locale":"en_US","og_type":"article","og_title":"C\u00b2G\u00e9o - G\u00e9om\u00e8tres-experts","og_description":"Toute l\u2019exp\u00e9rience de C2g\u00e9o : Missions de mesurage, d\u2019identification de division et de d\u00e9limitation de la propri\u00e9t\u00e9 immobili\u00e8re, missions de mesurage par scanner 3D ou par drone pour l\u2019architecture, l\u2019industrie et le patrimoine, bureau d\u2019\u00e9tudes en infrastructure et am\u00e9nagement du territoire.","og_url":"https:\/\/c2project.be\/en\/c2geo\/about-us\/","og_site_name":"C\u00b2Project \u2014 C\u00b2G\u00e9o","article_modified_time":"2025-04-14T16:27:02+00:00","twitter_card":"summary_large_image","schema":{"@context":"https:\/\/schema.org","@graph":[{"@type":"WebPage","@id":"https:\/\/c2project.be\/en\/c2geo\/about-us\/","url":"https:\/\/c2project.be\/en\/c2geo\/about-us\/","name":"C\u00b2G\u00e9o - G\u00e9om\u00e8tres-experts","isPartOf":{"@id":"https:\/\/c2project.be\/#website"},"datePublished":"2025-04-10T13:53:21+00:00","dateModified":"2025-04-14T16:27:02+00:00","description":"Toute l\u2019exp\u00e9rience de C2g\u00e9o : Missions de mesurage, d\u2019identification de division et de d\u00e9limitation de la propri\u00e9t\u00e9 immobili\u00e8re, missions de mesurage par scanner 3D ou par drone pour l\u2019architecture, l\u2019industrie et le patrimoine, bureau d\u2019\u00e9tudes en infrastructure et am\u00e9nagement du territoire.","breadcrumb":{"@id":"https:\/\/c2project.be\/en\/c2geo\/about-us\/#breadcrumb"},"inLanguage":"en-US","potentialAction":[{"@type":"ReadAction","target":["https:\/\/c2project.be\/en\/c2geo\/about-us\/"]}]},{"@type":"BreadcrumbList","@id":"https:\/\/c2project.be\/en\/c2geo\/about-us\/#breadcrumb","itemListElement":[{"@type":"ListItem","position":1,"name":"Accueil","item":"https:\/\/c2project.be\/"},{"@type":"ListItem","position":2,"name":"G\u00e9o &#8211; Accueil EN","item":"https:\/\/c2project.be\/c2geo\/"},{"@type":"ListItem","position":3,"name":"G\u00e9o &#8211; \u00e0 propos EN"}]},{"@type":"WebSite","@id":"https:\/\/c2project.be\/#website","url":"https:\/\/c2project.be\/","name":"C\u00b2Project \/ C\u00b2G\u00e9o \u2014 bureau d\u2019\u00e9tude ing\u00e9nieurs et g\u00e9om\u00e8tres-experts","description":"Engineering the future together","publisher":{"@id":"https:\/\/c2project.be\/#organization"},"alternateName":"C\u00b2Project \/ C\u00b2G\u00e9o","potentialAction":[{"@type":"SearchAction","target":{"@type":"EntryPoint","urlTemplate":"https:\/\/c2project.be\/?s={search_term_string}"},"query-input":{"@type":"PropertyValueSpecification","valueRequired":true,"valueName":"search_term_string"}}],"inLanguage":"en-US"},{"@type":"Organization","@id":"https:\/\/c2project.be\/#organization","name":"C\u00b2Project \/ C\u00b2G\u00e9o \u2014 bureau d\u2019\u00e9tude ing\u00e9nieurs et g\u00e9om\u00e8tres-experts","url":"https:\/\/c2project.be\/","logo":{"@type":"ImageObject","inLanguage":"en-US","@id":"https:\/\/c2project.be\/#\/schema\/logo\/image\/","url":"https:\/\/www.c2project.be\/wp-content\/uploads\/2025\/02\/c2-project-engineering.png","contentUrl":"https:\/\/www.c2project.be\/wp-content\/uploads\/2025\/02\/c2-project-engineering.png","width":500,"height":302,"caption":"C\u00b2Project \/ C\u00b2G\u00e9o \u2014 bureau d\u2019\u00e9tude ing\u00e9nieurs et g\u00e9om\u00e8tres-experts"},"image":{"@id":"https:\/\/c2project.be\/#\/schema\/logo\/image\/"}}]}},"_links":{"self":[{"href":"https:\/\/c2project.be\/wp-json\/wp\/v2\/pages\/535","targetHints":{"allow":["GET"]}}],"collection":[{"href":"https:\/\/c2project.be\/wp-json\/wp\/v2\/pages"}],"about":[{"href":"https:\/\/c2project.be\/wp-json\/wp\/v2\/types\/page"}],"author":[{"embeddable":true,"href":"https:\/\/c2project.be\/wp-json\/wp\/v2\/users\/1"}],"replies":[{"embeddable":true,"href":"https:\/\/c2project.be\/wp-json\/wp\/v2\/comments?post=535"}],"version-history":[{"count":1,"href":"https:\/\/c2project.be\/wp-json\/wp\/v2\/pages\/535\/revisions"}],"predecessor-version":[{"id":536,"href":"https:\/\/c2project.be\/wp-json\/wp\/v2\/pages\/535\/revisions\/536"}],"up":[{"embeddable":true,"href":"https:\/\/c2project.be\/wp-json\/wp\/v2\/pages\/462"}],"wp:attachment":[{"href":"https:\/\/c2project.be\/wp-json\/wp\/v2\/media?parent=535"}],"curies":[{"name":"wp","href":"https:\/\/api.w.org\/{rel}","templated":true}]}}