{"id":466,"date":"2025-04-07T12:54:42","date_gmt":"2025-04-07T10:54:42","guid":{"rendered":"https:\/\/c2project.be\/?page_id=466"},"modified":"2025-04-10T12:05:28","modified_gmt":"2025-04-10T10:05:28","slug":"c2geo","status":"publish","type":"page","link":"https:\/\/c2project.be\/nl\/c2geo\/","title":{"rendered":"G\u00e9o &#8211; Accueil NL"},"content":{"rendered":"\n<p>Test<\/p>\n\n\n\n<p><\/p>\n\n\n\n<div class=\"wp-block-query is-layout-flow wp-block-query-is-layout-flow\"><ul class=\"wp-block-post-template is-layout-flow wp-block-post-template-is-layout-flow\"><li class=\"wp-block-post post-628 page type-page status-publish hentry nl-BE entry\">\n\n\n<div class=\"wp-block-post-date\"><time datetime=\"2025-04-10T17:56:27+02:00\">10 april 2025<\/time><\/div>\n\n<h2 class=\"wp-block-post-title\">G\u00e9o &#8211; \u00e0 propos NL<\/h2>\n<\/li><\/ul>\n\n<\/div>\n","protected":false},"excerpt":{"rendered":"<p>Test<\/p>\n","protected":false},"author":1,"featured_media":0,"parent":0,"menu_order":0,"comment_status":"closed","ping_status":"closed","template":"project-home-template.php","meta":{"_locale":"nl_BE","_original_post":"https:\/\/c2project.be\/?page_id=6","footnotes":""},"class_list":["post-466","page","type-page","status-publish","hentry","nl-BE","entry"],"yoast_head":"<!-- This site is optimized with the Yoast SEO plugin v25.9 - https:\/\/yoast.com\/wordpress\/plugins\/seo\/ -->\n<title>G\u00e9om\u00e8tre expert immobilier, topographe, scanner 3D, Brabant wallon, Belgique<\/title>\n<meta name=\"description\" content=\"C\u00b2 G\u00e9o est un bureau de g\u00e9om\u00e8tres-experts. Nous travaillons dans toute la Belgique et au-del\u00e0 en fonction des missions pour particuliers, architectes, bureaux d\u2019\u00e9tudes, administrations, intercommunales, agences immobili\u00e8res, entrepreneurs \u2026 Situ\u00e9 \u00e0 Nivelles, dans le Brabant wallon. Anciennement ABT Group ABC\u00b24D ( ABC24D ).\" \/>\n<meta name=\"robots\" content=\"index, follow, max-snippet:-1, max-image-preview:large, max-video-preview:-1\" \/>\n<link rel=\"canonical\" href=\"https:\/\/c2project.be\/nl\/c2geo\/\" \/>\n<meta property=\"og:locale\" content=\"nl_BE\" \/>\n<meta property=\"og:type\" content=\"article\" \/>\n<meta property=\"og:title\" content=\"G\u00e9om\u00e8tre expert immobilier, topographe, scanner 3D, Brabant wallon, Belgique\" \/>\n<meta property=\"og:description\" content=\"C\u00b2 G\u00e9o est un bureau de g\u00e9om\u00e8tres-experts. Nous travaillons dans toute la Belgique et au-del\u00e0 en fonction des missions pour particuliers, architectes, bureaux d\u2019\u00e9tudes, administrations, intercommunales, agences immobili\u00e8res, entrepreneurs \u2026 Situ\u00e9 \u00e0 Nivelles, dans le Brabant wallon. Anciennement ABT Group ABC\u00b24D ( ABC24D ).\" \/>\n<meta property=\"og:url\" content=\"https:\/\/c2project.be\/nl\/c2geo\/\" \/>\n<meta property=\"og:site_name\" content=\"C\u00b2Project \u2014 C\u00b2G\u00e9o\" \/>\n<meta property=\"article:modified_time\" content=\"2025-04-10T10:05:28+00:00\" \/>\n<meta name=\"twitter:card\" content=\"summary_large_image\" \/>\n<meta name=\"twitter:label1\" content=\"Geschatte leestijd\" \/>\n\t<meta name=\"twitter:data1\" content=\"1 minuut\" \/>\n<script type=\"application\/ld+json\" class=\"yoast-schema-graph\">{\"@context\":\"https:\/\/schema.org\",\"@graph\":[{\"@type\":\"WebPage\",\"@id\":\"https:\/\/c2project.be\/nl\/c2geo\/\",\"url\":\"https:\/\/c2project.be\/nl\/c2geo\/\",\"name\":\"G\u00e9om\u00e8tre expert immobilier, topographe, scanner 3D, Brabant wallon, Belgique\",\"isPartOf\":{\"@id\":\"https:\/\/c2project.be\/#website\"},\"datePublished\":\"2025-04-07T10:54:42+00:00\",\"dateModified\":\"2025-04-10T10:05:28+00:00\",\"description\":\"C\u00b2 G\u00e9o est un bureau de g\u00e9om\u00e8tres-experts. Nous travaillons dans toute la Belgique et au-del\u00e0 en fonction des missions pour particuliers, architectes, bureaux d\u2019\u00e9tudes, administrations, intercommunales, agences immobili\u00e8res, entrepreneurs \u2026 Situ\u00e9 \u00e0 Nivelles, dans le Brabant wallon. Anciennement ABT Group ABC\u00b24D ( ABC24D ).\",\"breadcrumb\":{\"@id\":\"https:\/\/c2project.be\/nl\/c2geo\/#breadcrumb\"},\"inLanguage\":\"nl-BE\",\"potentialAction\":[{\"@type\":\"ReadAction\",\"target\":[\"https:\/\/c2project.be\/nl\/c2geo\/\"]}]},{\"@type\":\"BreadcrumbList\",\"@id\":\"https:\/\/c2project.be\/nl\/c2geo\/#breadcrumb\",\"itemListElement\":[{\"@type\":\"ListItem\",\"position\":1,\"name\":\"Accueil\",\"item\":\"https:\/\/c2project.be\/\"},{\"@type\":\"ListItem\",\"position\":2,\"name\":\"G\u00e9o &#8211; Accueil NL\"}]},{\"@type\":\"WebSite\",\"@id\":\"https:\/\/c2project.be\/#website\",\"url\":\"https:\/\/c2project.be\/\",\"name\":\"C\u00b2Project \/ C\u00b2G\u00e9o \u2014 bureau d\u2019\u00e9tude ing\u00e9nieurs et g\u00e9om\u00e8tres-experts\",\"description\":\"Engineering the future together\",\"publisher\":{\"@id\":\"https:\/\/c2project.be\/#organization\"},\"alternateName\":\"C\u00b2Project \/ C\u00b2G\u00e9o\",\"potentialAction\":[{\"@type\":\"SearchAction\",\"target\":{\"@type\":\"EntryPoint\",\"urlTemplate\":\"https:\/\/c2project.be\/?s={search_term_string}\"},\"query-input\":{\"@type\":\"PropertyValueSpecification\",\"valueRequired\":true,\"valueName\":\"search_term_string\"}}],\"inLanguage\":\"nl-BE\"},{\"@type\":\"Organization\",\"@id\":\"https:\/\/c2project.be\/#organization\",\"name\":\"C\u00b2Project \/ C\u00b2G\u00e9o \u2014 bureau d\u2019\u00e9tude ing\u00e9nieurs et g\u00e9om\u00e8tres-experts\",\"url\":\"https:\/\/c2project.be\/\",\"logo\":{\"@type\":\"ImageObject\",\"inLanguage\":\"nl-BE\",\"@id\":\"https:\/\/c2project.be\/#\/schema\/logo\/image\/\",\"url\":\"https:\/\/www.c2project.be\/wp-content\/uploads\/2025\/02\/c2-project-engineering.png\",\"contentUrl\":\"https:\/\/www.c2project.be\/wp-content\/uploads\/2025\/02\/c2-project-engineering.png\",\"width\":500,\"height\":302,\"caption\":\"C\u00b2Project \/ C\u00b2G\u00e9o \u2014 bureau d\u2019\u00e9tude ing\u00e9nieurs et g\u00e9om\u00e8tres-experts\"},\"image\":{\"@id\":\"https:\/\/c2project.be\/#\/schema\/logo\/image\/\"}}]}<\/script>\n<!-- \/ Yoast SEO plugin. -->","yoast_head_json":{"title":"G\u00e9om\u00e8tre expert immobilier, topographe, scanner 3D, Brabant wallon, Belgique","description":"C\u00b2 G\u00e9o est un bureau de g\u00e9om\u00e8tres-experts. Nous travaillons dans toute la Belgique et au-del\u00e0 en fonction des missions pour particuliers, architectes, bureaux d\u2019\u00e9tudes, administrations, intercommunales, agences immobili\u00e8res, entrepreneurs \u2026 Situ\u00e9 \u00e0 Nivelles, dans le Brabant wallon. Anciennement ABT Group ABC\u00b24D ( ABC24D ).","robots":{"index":"index","follow":"follow","max-snippet":"max-snippet:-1","max-image-preview":"max-image-preview:large","max-video-preview":"max-video-preview:-1"},"canonical":"https:\/\/c2project.be\/nl\/c2geo\/","og_locale":"nl_BE","og_type":"article","og_title":"G\u00e9om\u00e8tre expert immobilier, topographe, scanner 3D, Brabant wallon, Belgique","og_description":"C\u00b2 G\u00e9o est un bureau de g\u00e9om\u00e8tres-experts. Nous travaillons dans toute la Belgique et au-del\u00e0 en fonction des missions pour particuliers, architectes, bureaux d\u2019\u00e9tudes, administrations, intercommunales, agences immobili\u00e8res, entrepreneurs \u2026 Situ\u00e9 \u00e0 Nivelles, dans le Brabant wallon. Anciennement ABT Group ABC\u00b24D ( ABC24D ).","og_url":"https:\/\/c2project.be\/nl\/c2geo\/","og_site_name":"C\u00b2Project \u2014 C\u00b2G\u00e9o","article_modified_time":"2025-04-10T10:05:28+00:00","twitter_card":"summary_large_image","twitter_misc":{"Geschatte leestijd":"1 minuut"},"schema":{"@context":"https:\/\/schema.org","@graph":[{"@type":"WebPage","@id":"https:\/\/c2project.be\/nl\/c2geo\/","url":"https:\/\/c2project.be\/nl\/c2geo\/","name":"G\u00e9om\u00e8tre expert immobilier, topographe, scanner 3D, Brabant wallon, Belgique","isPartOf":{"@id":"https:\/\/c2project.be\/#website"},"datePublished":"2025-04-07T10:54:42+00:00","dateModified":"2025-04-10T10:05:28+00:00","description":"C\u00b2 G\u00e9o est un bureau de g\u00e9om\u00e8tres-experts. Nous travaillons dans toute la Belgique et au-del\u00e0 en fonction des missions pour particuliers, architectes, bureaux d\u2019\u00e9tudes, administrations, intercommunales, agences immobili\u00e8res, entrepreneurs \u2026 Situ\u00e9 \u00e0 Nivelles, dans le Brabant wallon. Anciennement ABT Group ABC\u00b24D ( ABC24D ).","breadcrumb":{"@id":"https:\/\/c2project.be\/nl\/c2geo\/#breadcrumb"},"inLanguage":"nl-BE","potentialAction":[{"@type":"ReadAction","target":["https:\/\/c2project.be\/nl\/c2geo\/"]}]},{"@type":"BreadcrumbList","@id":"https:\/\/c2project.be\/nl\/c2geo\/#breadcrumb","itemListElement":[{"@type":"ListItem","position":1,"name":"Accueil","item":"https:\/\/c2project.be\/"},{"@type":"ListItem","position":2,"name":"G\u00e9o &#8211; Accueil NL"}]},{"@type":"WebSite","@id":"https:\/\/c2project.be\/#website","url":"https:\/\/c2project.be\/","name":"C\u00b2Project \/ C\u00b2G\u00e9o \u2014 bureau d\u2019\u00e9tude ing\u00e9nieurs et g\u00e9om\u00e8tres-experts","description":"Engineering the future together","publisher":{"@id":"https:\/\/c2project.be\/#organization"},"alternateName":"C\u00b2Project \/ C\u00b2G\u00e9o","potentialAction":[{"@type":"SearchAction","target":{"@type":"EntryPoint","urlTemplate":"https:\/\/c2project.be\/?s={search_term_string}"},"query-input":{"@type":"PropertyValueSpecification","valueRequired":true,"valueName":"search_term_string"}}],"inLanguage":"nl-BE"},{"@type":"Organization","@id":"https:\/\/c2project.be\/#organization","name":"C\u00b2Project \/ C\u00b2G\u00e9o \u2014 bureau d\u2019\u00e9tude ing\u00e9nieurs et g\u00e9om\u00e8tres-experts","url":"https:\/\/c2project.be\/","logo":{"@type":"ImageObject","inLanguage":"nl-BE","@id":"https:\/\/c2project.be\/#\/schema\/logo\/image\/","url":"https:\/\/www.c2project.be\/wp-content\/uploads\/2025\/02\/c2-project-engineering.png","contentUrl":"https:\/\/www.c2project.be\/wp-content\/uploads\/2025\/02\/c2-project-engineering.png","width":500,"height":302,"caption":"C\u00b2Project \/ C\u00b2G\u00e9o \u2014 bureau d\u2019\u00e9tude ing\u00e9nieurs et g\u00e9om\u00e8tres-experts"},"image":{"@id":"https:\/\/c2project.be\/#\/schema\/logo\/image\/"}}]}},"_links":{"self":[{"href":"https:\/\/c2project.be\/wp-json\/wp\/v2\/pages\/466","targetHints":{"allow":["GET"]}}],"collection":[{"href":"https:\/\/c2project.be\/wp-json\/wp\/v2\/pages"}],"about":[{"href":"https:\/\/c2project.be\/wp-json\/wp\/v2\/types\/page"}],"author":[{"embeddable":true,"href":"https:\/\/c2project.be\/wp-json\/wp\/v2\/users\/1"}],"replies":[{"embeddable":true,"href":"https:\/\/c2project.be\/wp-json\/wp\/v2\/comments?post=466"}],"version-history":[{"count":2,"href":"https:\/\/c2project.be\/wp-json\/wp\/v2\/pages\/466\/revisions"}],"predecessor-version":[{"id":488,"href":"https:\/\/c2project.be\/wp-json\/wp\/v2\/pages\/466\/revisions\/488"}],"wp:attachment":[{"href":"https:\/\/c2project.be\/wp-json\/wp\/v2\/media?parent=466"}],"curies":[{"name":"wp","href":"https:\/\/api.w.org\/{rel}","templated":true}]}}